{"id":2,"date":"2010-12-07T02:03:53","date_gmt":"2010-12-07T02:03:53","guid":{"rendered":"http:\/\/olaviakite.com\/pajaromental\/?page_id=2"},"modified":"2012-06-08T11:34:02","modified_gmt":"2012-06-08T16:34:02","slug":"about","status":"publish","type":"page","link":"https:\/\/olaviakite.com\/pajaromental\/about\/","title":{"rendered":"Nota al margen"},"content":{"rendered":"<p>Cuando estaba en primero de primaria mi profesora de ciencias nos puso de tarea dibujar &#8220;living things&#8221; y &#8220;non-living things&#8221;. Lleg\u00f3 mi turno de mostrar mi trabajo. La profesora revis\u00f3 mi cuaderno y me dijo que esta era la \u00faltima vez que dejaba que mis pap\u00e1s hicieran la tarea por m\u00ed. Las ni\u00f1as del curso me defendieron (un acto de apoyo que poco se ver\u00eda en a\u00f1os posteriores), y a ella no le qued\u00f3 m\u00e1s remedio que creerme. Uno los ve ahora y es obvio que son rayones de una ni\u00f1ita de siete a\u00f1os, pero para m\u00ed fue bastante halagador que en su bilis la se\u00f1ora me tratara accidentalmente de geniecillo art\u00edstico.<\/p>\n","protected":false},"excerpt":{"rendered":"<p>Cuando estaba en primero de primaria mi profesora de ciencias nos puso de tarea dibujar &#8220;living things&#8221; y &#8220;non-living things&#8221;. Lleg\u00f3 mi turno de mostrar mi trabajo. La profesora revis\u00f3 mi cuaderno y me dijo que esta era la \u00faltima vez que dejaba que mis pap\u00e1s hicieran la tarea por m\u00ed. Las ni\u00f1as del curso [&hellip;]<\/p>\n","protected":false},"author":1,"featured_media":0,"parent":0,"menu_order":0,"comment_status":"open","ping_status":"open","template":"","meta":{"footnotes":""},"_links":{"self":[{"href":"https:\/\/olaviakite.com\/pajaromental\/wp-json\/wp\/v2\/pages\/2"}],"collection":[{"href":"https:\/\/olaviakite.com\/pajaromental\/wp-json\/wp\/v2\/pages"}],"about":[{"href":"https:\/\/olaviakite.com\/pajaromental\/wp-json\/wp\/v2\/types\/page"}],"author":[{"embeddable":true,"href":"https:\/\/olaviakite.com\/pajaromental\/wp-json\/wp\/v2\/users\/1"}],"replies":[{"embeddable":true,"href":"https:\/\/olaviakite.com\/pajaromental\/wp-json\/wp\/v2\/comments?post=2"}],"version-history":[{"count":6,"href":"https:\/\/olaviakite.com\/pajaromental\/wp-json\/wp\/v2\/pages\/2\/revisions"}],"predecessor-version":[{"id":95,"href":"https:\/\/olaviakite.com\/pajaromental\/wp-json\/wp\/v2\/pages\/2\/revisions\/95"}],"wp:attachment":[{"href":"https:\/\/olaviakite.com\/pajaromental\/wp-json\/wp\/v2\/media?parent=2"}],"curies":[{"name":"wp","href":"https:\/\/api.w.org\/{rel}","templated":true}]}}